{"id":614,"date":"2017-06-26T09:41:30","date_gmt":"2017-06-26T09:41:30","guid":{"rendered":"http:\/\/dummy.xtemos.com\/woodmart\/demos\/?page_id=614"},"modified":"2023-04-26T05:07:20","modified_gmt":"2023-04-26T05:07:20","slug":"home-fullscreen","status":"publish","type":"page","link":"https:\/\/mechulsaniklar.com\/","title":{"rendered":"Home Fullscreen"},"content":{"rendered":"<p>[vc_row full_width=&#8221;stretch_row&#8221; css=&#8221;.vc_custom_1629894570657{padding-top: 14vh !important;padding-bottom: 14vh !important;background-image: url(https:\/\/mechulsaniklar.com\/wp-content\/uploads\/2021\/08\/spotify-kapak-buyuk-scaled.jpg?id=7222) !important;background-position: center !important;background-repeat: no-repeat !important;background-size: cover !important;}&#8221; mobile_bg_img_hidden=&#8221;no&#8221; tablet_bg_img_hidden=&#8221;no&#8221; woodmart_parallax=&#8221;0&#8243; woodmart_gradient_switch=&#8221;no&#8221; row_reverse_mobile=&#8221;0&#8243; row_reverse_tablet=&#8221;0&#8243; woodmart_disable_overflow=&#8221;0&#8243;][vc_column][vc_single_image image=&#8221;7225&#8243; img_size=&#8221;full&#8221; alignment=&#8221;center&#8221; parallax_scroll=&#8221;no&#8221;][\/vc_column][\/vc_row][vc_row css=&#8221;.vc_custom_1639926038322{padding-top: 30px !important;padding-bottom: 30px !important;border-radius: 1px !important;}&#8221; mobile_bg_img_hidden=&#8221;no&#8221; tablet_bg_img_hidden=&#8221;no&#8221; woodmart_parallax=&#8221;0&#8243; woodmart_gradient_switch=&#8221;no&#8221; row_reverse_mobile=&#8221;0&#8243; row_reverse_tablet=&#8221;0&#8243; woodmart_disable_overflow=&#8221;0&#8243;][vc_column width=&#8221;1\/5&#8243;][vc_single_image image=&#8221;7252&#8243; img_size=&#8221;208&#215;63&#8243; alignment=&#8221;center&#8221; onclick=&#8221;custom_link&#8221; img_link_target=&#8221;_blank&#8221; parallax_scroll=&#8221;no&#8221; link=&#8221;https:\/\/open.spotify.com\/artist\/190UTKab8eaiA6II2xbjJN?si=xP7gEPotTTiAQtzxW7ZfSQ&amp;dl_branch=1&#8243;][\/vc_column][vc_column width=&#8221;1\/5&#8243;][vc_single_image image=&#8221;7251&#8243; img_size=&#8221;179&#215;65&#8243; alignment=&#8221;center&#8221; onclick=&#8221;custom_link&#8221; img_link_target=&#8221;_blank&#8221; parallax_scroll=&#8221;no&#8221; link=&#8221;https:\/\/music.apple.com\/tr\/artist\/me%C3%A7hul-san%C4%B1klar\/1582044398?l=trv&#8221;][\/vc_column][vc_column width=&#8221;1\/5&#8243;][vc_single_image image=&#8221;7250&#8243; img_size=&#8221;222&#215;50&#8243; alignment=&#8221;center&#8221; onclick=&#8221;custom_link&#8221; img_link_target=&#8221;_blank&#8221; parallax_scroll=&#8221;no&#8221; link=&#8221;https:\/\/www.youtube.com\/c\/Me%C3%A7hulSan%C4%B1klarOfficial&#8221; css=&#8221;.vc_custom_1639925898568{margin-top: 10px !important;}&#8221;][\/vc_column][vc_column width=&#8221;1\/5&#8243;][vc_single_image image=&#8221;7249&#8243; img_size=&#8221;221&#215;42&#8243; alignment=&#8221;center&#8221; onclick=&#8221;custom_link&#8221; img_link_target=&#8221;_blank&#8221; parallax_scroll=&#8221;no&#8221; link=&#8221;https:\/\/www.deezer.com\/us\/artist\/142917862&#8243; css=&#8221;.vc_custom_1639925905732{margin-top: 10px !important;}&#8221;][\/vc_column][vc_column width=&#8221;1\/5&#8243;][vc_single_image image=&#8221;7248&#8243; img_size=&#8221;211&#215;68&#8243; alignment=&#8221;center&#8221; onclick=&#8221;custom_link&#8221; img_link_target=&#8221;_blank&#8221; parallax_scroll=&#8221;no&#8221; link=&#8221;https:\/\/www.instagram.com\/mechulsaniklarofficial\/&#8221;][\/vc_column][\/vc_row][vc_row][vc_column width=&#8221;1\/2&#8243;][vc_video link=&#8221;https:\/\/youtu.be\/LoyBmPPksYY&#8221; image_poster_switch=&#8221;no&#8221; title=&#8221;Zalim (Official Video) (2023)&#8221;][vc_video link=&#8221;https:\/\/youtu.be\/aEwdy-2fyvI&#8221; image_poster_switch=&#8221;no&#8221; title=&#8221;K\u00f6rebe (2022)&#8221;][vc_video link=&#8221;https:\/\/youtu.be\/O7K5uEvfV6k&#8221; image_poster_switch=&#8221;no&#8221; title=&#8221;Hasret (2022)&#8221;][vc_video link=&#8221;https:\/\/youtu.be\/SpiTmyBd1R0&#8243; image_poster_switch=&#8221;no&#8221; title=&#8221;Sahte D\u00fcnya (2021)&#8221;][vc_video link=&#8221;https:\/\/youtu.be\/6n7kc_0pXio&#8221; image_poster_switch=&#8221;no&#8221; title=&#8221;Sustum Olmad\u0131 (2022)&#8221;][vc_video link=&#8221;https:\/\/youtu.be\/oRCaPI8qWZs&#8221; image_poster_switch=&#8221;no&#8221; title=&#8221;Yaland\u0131r Bu D\u00fcnya&#8221;][vc_video link=&#8221;https:\/\/youtu.be\/zXksOICwTG4&#8243; image_poster_switch=&#8221;no&#8221; title=&#8221;\u0130nzivada S\u00fcrd\u00fcm Hayat\u0131&#8221;][vc_video link=&#8221;https:\/\/youtu.be\/A35rZ_0UEzU&#8221; image_poster_switch=&#8221;no&#8221; title=&#8221;Defolu Sevgiler&#8221;][vc_video link=&#8221;https:\/\/youtu.be\/3Wu2wy6anf0&#8243; image_poster_switch=&#8221;no&#8221; title=&#8221;Ne Fark\u0131 Var&#8221;][vc_video link=&#8221;https:\/\/youtu.be\/NuSX6ma12hk&#8221; image_poster_switch=&#8221;no&#8221; title=&#8221;Be\u015fikten Mezara&#8221;][vc_video link=&#8221;https:\/\/youtu.be\/iiEJYaB2eM4&#8243; image_poster_switch=&#8221;no&#8221; title=&#8221;Kaleme Sundum Yas\u0131m\u0131&#8221;][vc_video link=&#8221;https:\/\/youtu.be\/-8SIXI5_Xac&#8221; image_poster_switch=&#8221;no&#8221; title=&#8221;Misafir&#8221;][vc_video link=&#8221;https:\/\/youtu.be\/w9VHlMir9Ks&#8221; image_poster_switch=&#8221;no&#8221; title=&#8221;Geri D\u00f6n\u00fclmez Yerdesin (Y\u00dcKSEK KAL\u0130TE)&#8221;][vc_video link=&#8221;https:\/\/youtu.be\/LksDqToVxOQ&#8221; image_poster_switch=&#8221;no&#8221; title=&#8221;Terket&#8221;][vc_video link=&#8221;https:\/\/youtu.be\/RWGJG5YmL8M&#8221; image_poster_switch=&#8221;no&#8221; title=&#8221;Elleri Kollar\u0131 Ba\u011fl\u0131 (GAZZE)&#8221;][vc_video link=&#8221;https:\/\/youtu.be\/V8EeiLPR3-c&#8221; image_poster_switch=&#8221;no&#8221; title=&#8221;Onlardan m\u0131s\u0131n?&#8221;][\/vc_column][vc_column width=&#8221;1\/2&#8243;][vc_video link=&#8221;https:\/\/youtu.be\/a9S6y-ExYlI&#8221; image_poster_switch=&#8221;no&#8221; title=&#8221;Fani (Official Video) (2022)&#8221;][vc_video link=&#8221;https:\/\/youtu.be\/6fsT9aPyEeo&#8221; image_poster_switch=&#8221;no&#8221; title=&#8221;Sen (2022)&#8221;][vc_video link=&#8221;https:\/\/youtu.be\/Jd-ycm56prU&#8221; image_poster_switch=&#8221;no&#8221; title=&#8221;Kimse Bilmez (2021)&#8221;][vc_video link=&#8221;https:\/\/youtu.be\/X03A-lMbp2A&#8221; image_poster_switch=&#8221;no&#8221; title=&#8221;Me\u00e7hul San\u0131klar Rap-Besk Full Alb\u00fcm (2007)&#8221;][vc_video link=&#8221;https:\/\/youtu.be\/DoA2QVaouuo&#8221; image_poster_switch=&#8221;no&#8221; title=&#8221;Bir \u015eafakta Bin Feryat&#8221;][vc_video link=&#8221;https:\/\/youtu.be\/oMXxB0KDRcI&#8221; image_poster_switch=&#8221;no&#8221; title=&#8221;Soytar\u0131 Kalemde Bas\u0327rol&#8221;][vc_video link=&#8221;https:\/\/youtu.be\/h26a0LapMvE&#8221; image_poster_switch=&#8221;no&#8221; title=&#8221;\u00d6zde \u0130nsan Olsun&#8221;][vc_video link=&#8221;https:\/\/youtu.be\/p76anGnmiqM&#8221; image_poster_switch=&#8221;no&#8221; title=&#8221;Bedende Mevsim Sonbahar&#8221;][vc_video link=&#8221;https:\/\/youtu.be\/Cny7gn0sW5Q&#8221; image_poster_switch=&#8221;no&#8221; title=&#8221;Ad\u0131nla An\u0131lacakt\u0131r An\u0131lar&#8221;][vc_video link=&#8221;https:\/\/youtu.be\/PMEHu9L59dQ&#8221; image_poster_switch=&#8221;no&#8221; title=&#8221;Sanki Ben Dert Dert Benim&#8221;][vc_video link=&#8221;https:\/\/youtu.be\/mZMXFu8GUjw&#8221; image_poster_switch=&#8221;no&#8221; title=&#8221;Tek Tan\u0131k Me\u00e7hul San\u0131k&#8221;][vc_video link=&#8221;https:\/\/youtu.be\/3YUas83qdzo&#8221; image_poster_switch=&#8221;no&#8221; title=&#8221;Karanl\u0131k Gece&#8221;][vc_video link=&#8221;https:\/\/youtu.be\/omWTzvsPfCs&#8221; image_poster_switch=&#8221;no&#8221; title=&#8221;A\u011flamak Yok Art\u0131k&#8221;][vc_video link=&#8221;https:\/\/youtu.be\/J106tNJM63Q&#8221; image_poster_switch=&#8221;no&#8221; title=&#8221;Dinle Neslini&#8221;][vc_video link=&#8221;https:\/\/youtu.be\/8i3Bz7PVvvQ&#8221; image_poster_switch=&#8221;no&#8221; title=&#8221;Bir Bilsen&#8221;][vc_video link=&#8221;https:\/\/youtu.be\/3EERrS2xuNU&#8221; image_poster_switch=&#8221;no&#8221; title=&#8221;Faili Me\u00e7hul&#8221;][\/vc_column][\/vc_row][vc_row css=&#8221;.vc_custom_1639926038322{padding-top: 30px !important;padding-bottom: 30px !important;border-radius: 1px !important;}&#8221; mobile_bg_img_hidden=&#8221;no&#8221; tablet_bg_img_hidden=&#8221;no&#8221; woodmart_parallax=&#8221;0&#8243; woodmart_gradient_switch=&#8221;no&#8221; row_reverse_mobile=&#8221;0&#8243; row_reverse_tablet=&#8221;0&#8243; woodmart_disable_overflow=&#8221;0&#8243;][vc_column width=&#8221;1\/5&#8243;][vc_single_image image=&#8221;7252&#8243; img_size=&#8221;208&#215;63&#8243; alignment=&#8221;center&#8221; onclick=&#8221;custom_link&#8221; img_link_target=&#8221;_blank&#8221; parallax_scroll=&#8221;no&#8221; link=&#8221;https:\/\/open.spotify.com\/artist\/190UTKab8eaiA6II2xbjJN?si=xP7gEPotTTiAQtzxW7ZfSQ&amp;dl_branch=1&#8243;][\/vc_column][vc_column width=&#8221;1\/5&#8243;][vc_single_image image=&#8221;7251&#8243; img_size=&#8221;179&#215;65&#8243; alignment=&#8221;center&#8221; onclick=&#8221;custom_link&#8221; img_link_target=&#8221;_blank&#8221; parallax_scroll=&#8221;no&#8221; link=&#8221;https:\/\/music.apple.com\/tr\/artist\/me%C3%A7hul-san%C4%B1klar\/1582044398?l=trv&#8221;][\/vc_column][vc_column width=&#8221;1\/5&#8243;][vc_single_image image=&#8221;7250&#8243; img_size=&#8221;222&#215;50&#8243; alignment=&#8221;center&#8221; onclick=&#8221;custom_link&#8221; img_link_target=&#8221;_blank&#8221; parallax_scroll=&#8221;no&#8221; link=&#8221;https:\/\/www.youtube.com\/c\/Me%C3%A7hulSan%C4%B1klarOfficial&#8221; css=&#8221;.vc_custom_1639925898568{margin-top: 10px !important;}&#8221;][\/vc_column][vc_column width=&#8221;1\/5&#8243;][vc_single_image image=&#8221;7249&#8243; img_size=&#8221;221&#215;42&#8243; alignment=&#8221;center&#8221; onclick=&#8221;custom_link&#8221; img_link_target=&#8221;_blank&#8221; parallax_scroll=&#8221;no&#8221; link=&#8221;https:\/\/www.deezer.com\/us\/artist\/142917862&#8243; css=&#8221;.vc_custom_1639925905732{margin-top: 10px !important;}&#8221;][\/vc_column][vc_column width=&#8221;1\/5&#8243;][vc_single_image image=&#8221;7248&#8243; img_size=&#8221;211&#215;68&#8243; alignment=&#8221;center&#8221; onclick=&#8221;custom_link&#8221; img_link_target=&#8221;_blank&#8221; parallax_scroll=&#8221;no&#8221; link=&#8221;https:\/\/www.instagram.com\/mechulsaniklarofficial\/&#8221;][\/vc_column][\/vc_row][vc_row][vc_column][vc_column_text text_larger=&#8221;no&#8221;]<\/p>\n<h2 style=\"text-align: center;\">Biyografi<\/h2>\n<p style=\"text-align: center;\"><strong>Me\u00e7hul San\u0131klar<\/strong> iki ki\u015fiden olu\u015fan <strong>T\u00fcrk Rap<\/strong> tarihinin en eski gruplar\u0131ndan biridir. Y\u0131llarca birlikte \u00e7al\u0131\u015fan bu iki insan say\u0131s\u0131z hit par\u00e7aya imza atm\u0131\u015flard\u0131r. Bir \u00e7ok par\u00e7alar\u0131 sosyal medyada yo\u011fun ilgi g\u00f6ren grup \u00e7al\u0131\u015fmalar\u0131na uzun bir s\u00fcre ara verdiler. 2000 y\u0131l\u0131n\u0131nda bir araya gelen <strong>Nihat<\/strong> ve <strong>G\u00f6ksel<\/strong> o zamanlar i\u00e7in imkanlar\u0131n\u0131 seferber ederek asl\u0131nda o kadar iyi i\u015fler \u00e7\u0131kard\u0131lar ki 21 y\u0131l sonra bile bu par\u00e7alar\u0131 dinleyerek kendini mutlu eden insanlar\u0131 g\u00f6r\u00fcyorlar. Hayat\u0131n getirdi\u011fi t\u00fcm zorluklar ve ya\u015fanm\u0131\u015fl\u0131klar\u0131 \u015fark\u0131lar\u0131nda anlatan grup bundan asla taviz vermiyor.<\/p>\n<p style=\"text-align: center;\">Merak edilen bi konuda grup ismi neden <strong>Me\u00e7hul San\u0131klar<\/strong> oldu\u011fu; isimsiz olarak verdikleri bir par\u00e7an\u0131n internette \u00e7ok be\u011fenilmesi ve dinleyiciler taraf\u0131ndan par\u00e7an\u0131n san\u0131klar\u0131 me\u00e7hul gibi yorumlar gelmesinin ard\u0131ndan ikili grup ad\u0131n\u0131 Me\u00e7hul San\u0131klar olarak de\u011fi\u015ftirip projelerine <strong>Ms Records<\/strong> \u00e7at\u0131s\u0131 alt\u0131nda devam etme karar\u0131 ald\u0131. Bu isim ile Trakyada ger\u00e7ekle\u015fen bir \u00e7ok organizasyonda sahne ald\u0131lar ve ikili <strong>Rap-i Miras (Radikal)<\/strong> isimli par\u00e7alar\u0131n\u0131 T\u00fcrk Rap \u00dcss\u00fc ad\u0131ndaki bandroll\u00fc bir toplama alb\u00fcme verdiler. 2021 y\u0131l\u0131n\u0131n Haziran ay\u0131nda yeniden biz geliyoruz diyen grup \u00fcyeleri <strong>K\u0130MSE B\u0130LMEZ<\/strong> par\u00e7alar\u0131 ile onlar\u0131 uzun zamand\u0131r takip eden dinleyecilerine g\u00f6n\u00fclden bir selam vermi\u015f oldular. Ard\u0131ndan yay\u0131nlad\u0131klar\u0131 <strong>SAHTE D\u00dcNYA<\/strong> zaten y\u0131llar\u0131n deneyimi ve \u00f6zlemini herkese hissettirdi.<\/p>\n<p>[\/vc_column_text][\/vc_column][\/vc_row][vc_row][vc_column][vc_empty_space height=&#8221;150px&#8221; woodmart_hide_large=&#8221;0&#8243; woodmart_hide_medium=&#8221;0&#8243; woodmart_hide_small=&#8221;0&#8243; woodmart_hide_extra_small=&#8221;0&#8243;][\/vc_column][\/vc_row]<\/p>\n","protected":false},"excerpt":{"rendered":"<p>[vc_row full_width=&#8221;stretch_row&#8221; css=&#8221;.vc_custom_1629894570657{padding-top: 14vh !important;padding-bottom: 14vh !important;background-image: url(https:\/\/mechulsaniklar.com\/wp-content\/uploads\/2021\/08\/spotify-kapak-buyuk-scaled.jpg?id=7222) !important;background-position: center !important;background-repeat: no-repeat !important;background-size: cover !important;}&#8221; mobile_bg_img_hidden=&#8221;no&#8221; tablet_bg_img_hidden=&#8221;no&#8221; woodmart_parallax=&#8221;0&#8243; woodmart_gradient_switch=&#8221;no&#8221; row_reverse_mobile=&#8221;0&#8243;<\/p>\n","protected":false},"author":1,"featured_media":0,"parent":0,"menu_order":0,"comment_status":"closed","ping_status":"closed","template":"","meta":{"footnotes":""},"class_list":["post-614","page","type-page","status-publish","hentry"],"_links":{"self":[{"href":"https:\/\/mechulsaniklar.com\/index.php\/wp-json\/wp\/v2\/pages\/614","targetHints":{"allow":["GET"]}}],"collection":[{"href":"https:\/\/mechulsaniklar.com\/index.php\/wp-json\/wp\/v2\/pages"}],"about":[{"href":"https:\/\/mechulsaniklar.com\/index.php\/wp-json\/wp\/v2\/types\/page"}],"author":[{"embeddable":true,"href":"https:\/\/mechulsaniklar.com\/index.php\/wp-json\/wp\/v2\/users\/1"}],"replies":[{"embeddable":true,"href":"https:\/\/mechulsaniklar.com\/index.php\/wp-json\/wp\/v2\/comments?post=614"}],"version-history":[{"count":41,"href":"https:\/\/mechulsaniklar.com\/index.php\/wp-json\/wp\/v2\/pages\/614\/revisions"}],"predecessor-version":[{"id":7280,"href":"https:\/\/mechulsaniklar.com\/index.php\/wp-json\/wp\/v2\/pages\/614\/revisions\/7280"}],"wp:attachment":[{"href":"https:\/\/mechulsaniklar.com\/index.php\/wp-json\/wp\/v2\/media?parent=614"}],"curies":[{"name":"wp","href":"https:\/\/api.w.org\/{rel}","templated":true}]}}